{"id":7597,"date":"2025-12-18T12:09:05","date_gmt":"2025-12-18T11:09:05","guid":{"rendered":"https:\/\/posesja-plazowa.pl\/virtuelle-spaziergaenge\/"},"modified":"2025-12-18T12:23:20","modified_gmt":"2025-12-18T11:23:20","slug":"virtuelle-spaziergang","status":"publish","type":"page","link":"https:\/\/posesja-plazowa.pl\/de\/virtuelle-spaziergang\/","title":{"rendered":"Virtuelle Spaziergang"},"content":{"rendered":"\n<style>\n    .lg-outer .lg-thumb-item.active,.lg-outer .lg-thumb-item:hover {\n        border-color: #93d4f1\n    }\n\n    .lg-outer .lg-thumb-outer,.lg-backdrop {\n        background-color: #234575!important\n    }\n<\/style>\n\n<section class=\"newGallery\">\n    <div class=\"container\">\n                                   <h2 class=\"newGallery__title\">Virtuelle Spaziergang<\/h2>\n                                    <div class=\"newGallery__iframesWalk\" data-gallery-id=\"gallery-0\">\n                                                    <div class=\"iframes__iframe\">\n                                <iframe width='853' height='480' src='https:\/\/my.matterport.com\/show\/?m=E24sn7Fe6K9' frameborder='0' allowfullscreen allow='xr-spatial-tracking'><\/iframe>\n                            <\/div>\n                                                    <div class=\"iframes__iframe\">\n                                <iframe width='853' height='480' src='https:\/\/my.matterport.com\/show\/?m=TrGamcGtWTi' frameborder='0' allowfullscreen allow='xr-spatial-tracking'><\/iframe>\n                            <\/div>\n                                                    <div class=\"iframes__iframe\">\n                                <iframe width='853' height='480' src='https:\/\/my.matterport.com\/show\/?m=7URqm6fuo92' frameborder='0' allowfullscreen allow='xr-spatial-tracking'><\/iframe>\n                            <\/div>\n                                                    <div class=\"iframes__iframe\">\n                                <iframe width='853' height='480' src='https:\/\/my.matterport.com\/show\/?m=u4QTa6KuMKi' frameborder='0' allowfullscreen allow='xr-spatial-tracking'><\/iframe>\n                            <\/div>\n                                            <\/div>\n                                <script>\n                    if(typeof newGalleries === 'undefined') {\n                        var newGalleries = {};\n                    }\n                    newGalleries['gallery-0'] = [];\n                <\/script>\n                        <\/div>\n<\/section>\n\n<script>\n    document.querySelectorAll('.newGallery__images a').forEach(function (item) {\n        item.addEventListener('click', function (e) {\n            e.preventDefault();\n            var idx = parseInt(item.getAttribute('data-index'));\n            var galleryId = item.getAttribute('data-gallery');\n            lightGallery(this, {\n                licenseKey: \"BHRCT-GACUD-79CHG-8Y597\",\n                dynamic: true,\n                dynamicEl: newGalleries[galleryId],\n                plugins: [lgZoom, lgThumbnail],\n                download: false,\n                mobileSettings: {\n                    controls: false,\n                    showCloseIcon: true,\n                    download: false\n                }\n            }).openGallery(idx);\n        });\n    });\n<\/script>\n\n","protected":false},"excerpt":{"rendered":"","protected":false},"author":1,"featured_media":0,"parent":0,"menu_order":0,"comment_status":"closed","ping_status":"closed","template":"page-gallery.php","meta":{"_acf_changed":false,"footnotes":""},"class_list":["post-7597","page","type-page","status-publish","hentry"],"acf":[],"yoast_head":"<!-- This site is optimized with the Yoast SEO plugin v27.2 - https:\/\/yoast.com\/product\/yoast-seo-wordpress\/ -->\n<title>Virtuelle Spaziergang - Posesja Pla\u017cowa<\/title>\n<meta name=\"robots\" content=\"index, follow, max-snippet:-1, max-image-preview:large, max-video-preview:-1\" \/>\n<link rel=\"canonical\" href=\"https:\/\/posesja-plazowa.pl\/de\/virtuelle-spaziergang\/\" \/>\n<meta property=\"og:locale\" content=\"de_DE\" \/>\n<meta property=\"og:type\" content=\"article\" \/>\n<meta property=\"og:title\" content=\"Virtuelle Spaziergang - Posesja Pla\u017cowa\" \/>\n<meta property=\"og:url\" content=\"https:\/\/posesja-plazowa.pl\/de\/virtuelle-spaziergang\/\" \/>\n<meta property=\"og:site_name\" content=\"Posesja Pla\u017cowa\" \/>\n<meta property=\"article:modified_time\" content=\"2025-12-18T11:23:20+00:00\" \/>\n<meta name=\"twitter:card\" content=\"summary_large_image\" \/>\n<script type=\"application\/ld+json\" class=\"yoast-schema-graph\">{\"@context\":\"https:\/\/schema.org\",\"@graph\":[{\"@type\":\"WebPage\",\"@id\":\"https:\/\/posesja-plazowa.pl\/de\/virtuelle-spaziergang\/\",\"url\":\"https:\/\/posesja-plazowa.pl\/de\/virtuelle-spaziergang\/\",\"name\":\"Virtuelle Spaziergang - Posesja Pla\u017cowa\",\"isPartOf\":{\"@id\":\"https:\/\/posesja-plazowa.pl\/#website\"},\"datePublished\":\"2025-12-18T11:09:05+00:00\",\"dateModified\":\"2025-12-18T11:23:20+00:00\",\"breadcrumb\":{\"@id\":\"https:\/\/posesja-plazowa.pl\/de\/virtuelle-spaziergang\/#breadcrumb\"},\"inLanguage\":\"de-DE\",\"potentialAction\":[{\"@type\":\"ReadAction\",\"target\":[\"https:\/\/posesja-plazowa.pl\/de\/virtuelle-spaziergang\/\"]}]},{\"@type\":\"BreadcrumbList\",\"@id\":\"https:\/\/posesja-plazowa.pl\/de\/virtuelle-spaziergang\/#breadcrumb\",\"itemListElement\":[{\"@type\":\"ListItem\",\"position\":1,\"name\":\"Strona g\u0142\u00f3wna\",\"item\":\"https:\/\/posesja-plazowa.pl\/de\/\"},{\"@type\":\"ListItem\",\"position\":2,\"name\":\"Virtuelle Spaziergang\"}]},{\"@type\":\"WebSite\",\"@id\":\"https:\/\/posesja-plazowa.pl\/#website\",\"url\":\"https:\/\/posesja-plazowa.pl\/\",\"name\":\"Posesja Pla\u017cowa\",\"description\":\"Apartamenty na Sprzeda\u017c Grzybowo. 250 m od Morza. Basen zewn\u0119trzny. SPA.\",\"potentialAction\":[{\"@type\":\"SearchAction\",\"target\":{\"@type\":\"EntryPoint\",\"urlTemplate\":\"https:\/\/posesja-plazowa.pl\/?s={search_term_string}\"},\"query-input\":{\"@type\":\"PropertyValueSpecification\",\"valueRequired\":true,\"valueName\":\"search_term_string\"}}],\"inLanguage\":\"de-DE\"}]}<\/script>\n<!-- \/ Yoast SEO plugin. -->","yoast_head_json":{"title":"Virtuelle Spaziergang - Posesja Pla\u017cowa","robots":{"index":"index","follow":"follow","max-snippet":"max-snippet:-1","max-image-preview":"max-image-preview:large","max-video-preview":"max-video-preview:-1"},"canonical":"https:\/\/posesja-plazowa.pl\/de\/virtuelle-spaziergang\/","og_locale":"de_DE","og_type":"article","og_title":"Virtuelle Spaziergang - Posesja Pla\u017cowa","og_url":"https:\/\/posesja-plazowa.pl\/de\/virtuelle-spaziergang\/","og_site_name":"Posesja Pla\u017cowa","article_modified_time":"2025-12-18T11:23:20+00:00","twitter_card":"summary_large_image","schema":{"@context":"https:\/\/schema.org","@graph":[{"@type":"WebPage","@id":"https:\/\/posesja-plazowa.pl\/de\/virtuelle-spaziergang\/","url":"https:\/\/posesja-plazowa.pl\/de\/virtuelle-spaziergang\/","name":"Virtuelle Spaziergang - Posesja Pla\u017cowa","isPartOf":{"@id":"https:\/\/posesja-plazowa.pl\/#website"},"datePublished":"2025-12-18T11:09:05+00:00","dateModified":"2025-12-18T11:23:20+00:00","breadcrumb":{"@id":"https:\/\/posesja-plazowa.pl\/de\/virtuelle-spaziergang\/#breadcrumb"},"inLanguage":"de-DE","potentialAction":[{"@type":"ReadAction","target":["https:\/\/posesja-plazowa.pl\/de\/virtuelle-spaziergang\/"]}]},{"@type":"BreadcrumbList","@id":"https:\/\/posesja-plazowa.pl\/de\/virtuelle-spaziergang\/#breadcrumb","itemListElement":[{"@type":"ListItem","position":1,"name":"Strona g\u0142\u00f3wna","item":"https:\/\/posesja-plazowa.pl\/de\/"},{"@type":"ListItem","position":2,"name":"Virtuelle Spaziergang"}]},{"@type":"WebSite","@id":"https:\/\/posesja-plazowa.pl\/#website","url":"https:\/\/posesja-plazowa.pl\/","name":"Posesja Pla\u017cowa","description":"Apartamenty na Sprzeda\u017c Grzybowo. 250 m od Morza. Basen zewn\u0119trzny. SPA.","potentialAction":[{"@type":"SearchAction","target":{"@type":"EntryPoint","urlTemplate":"https:\/\/posesja-plazowa.pl\/?s={search_term_string}"},"query-input":{"@type":"PropertyValueSpecification","valueRequired":true,"valueName":"search_term_string"}}],"inLanguage":"de-DE"}]}},"_links":{"self":[{"href":"https:\/\/posesja-plazowa.pl\/de\/wp-json\/wp\/v2\/pages\/7597","targetHints":{"allow":["GET"]}}],"collection":[{"href":"https:\/\/posesja-plazowa.pl\/de\/wp-json\/wp\/v2\/pages"}],"about":[{"href":"https:\/\/posesja-plazowa.pl\/de\/wp-json\/wp\/v2\/types\/page"}],"author":[{"embeddable":true,"href":"https:\/\/posesja-plazowa.pl\/de\/wp-json\/wp\/v2\/users\/1"}],"replies":[{"embeddable":true,"href":"https:\/\/posesja-plazowa.pl\/de\/wp-json\/wp\/v2\/comments?post=7597"}],"version-history":[{"count":2,"href":"https:\/\/posesja-plazowa.pl\/de\/wp-json\/wp\/v2\/pages\/7597\/revisions"}],"predecessor-version":[{"id":7601,"href":"https:\/\/posesja-plazowa.pl\/de\/wp-json\/wp\/v2\/pages\/7597\/revisions\/7601"}],"wp:attachment":[{"href":"https:\/\/posesja-plazowa.pl\/de\/wp-json\/wp\/v2\/media?parent=7597"}],"curies":[{"name":"wp","href":"https:\/\/api.w.org\/{rel}","templated":true}]}}