{"id":8321,"date":"2023-02-23T15:59:00","date_gmt":"2023-02-23T14:59:00","guid":{"rendered":"https:\/\/posesja-plazowa.pl\/baufortschritt\/"},"modified":"2025-12-30T12:15:50","modified_gmt":"2025-12-30T11:15:50","slug":"baufortschritt","status":"publish","type":"page","link":"https:\/\/posesja-plazowa.pl\/de\/baufortschritt\/","title":{"rendered":"Baufortschritt"},"content":{"rendered":"","protected":false},"excerpt":{"rendered":"","protected":false},"author":1,"featured_media":0,"parent":0,"menu_order":0,"comment_status":"closed","ping_status":"closed","template":"page-postep.php","meta":{"_acf_changed":false,"footnotes":""},"class_list":["post-8321","page","type-page","status-publish","hentry"],"acf":[],"yoast_head":"<!-- This site is optimized with the Yoast SEO plugin v27.2 - https:\/\/yoast.com\/product\/yoast-seo-wordpress\/ -->\n<title>Baufortschritt - Posesja Pla\u017cowa<\/title>\n<meta name=\"description\" content=\"Post\u0119p budowy - Posesja Pla\u017cowa Grzybowa. Apartametny na sprzeda\u017c Grzybowo \/ Ko\u0142obrzeg. Wyko\u0144czone apartamenty, strefa spa i sauny.\" \/>\n<meta name=\"robots\" content=\"index, follow, max-snippet:-1, max-image-preview:large, max-video-preview:-1\" \/>\n<link rel=\"canonical\" href=\"https:\/\/posesja-plazowa.pl\/de\/baufortschritt\/\" \/>\n<meta property=\"og:locale\" content=\"de_DE\" \/>\n<meta property=\"og:type\" content=\"article\" \/>\n<meta property=\"og:title\" content=\"Baufortschritt - Posesja Pla\u017cowa\" \/>\n<meta property=\"og:description\" content=\"Post\u0119p budowy - Posesja Pla\u017cowa Grzybowa. Apartametny na sprzeda\u017c Grzybowo \/ Ko\u0142obrzeg. Wyko\u0144czone apartamenty, strefa spa i sauny.\" \/>\n<meta property=\"og:url\" content=\"https:\/\/posesja-plazowa.pl\/de\/baufortschritt\/\" \/>\n<meta property=\"og:site_name\" content=\"Posesja Pla\u017cowa\" \/>\n<meta property=\"article:modified_time\" content=\"2025-12-30T11:15:50+00:00\" \/>\n<meta name=\"twitter:card\" content=\"summary_large_image\" \/>\n<script type=\"application\/ld+json\" class=\"yoast-schema-graph\">{\"@context\":\"https:\/\/schema.org\",\"@graph\":[{\"@type\":\"WebPage\",\"@id\":\"https:\/\/posesja-plazowa.pl\/de\/baufortschritt\/\",\"url\":\"https:\/\/posesja-plazowa.pl\/de\/baufortschritt\/\",\"name\":\"Baufortschritt - Posesja Pla\u017cowa\",\"isPartOf\":{\"@id\":\"https:\/\/posesja-plazowa.pl\/#website\"},\"datePublished\":\"2023-02-23T14:59:00+00:00\",\"dateModified\":\"2025-12-30T11:15:50+00:00\",\"description\":\"Post\u0119p budowy - Posesja Pla\u017cowa Grzybowa. Apartametny na sprzeda\u017c Grzybowo \/ Ko\u0142obrzeg. Wyko\u0144czone apartamenty, strefa spa i sauny.\",\"breadcrumb\":{\"@id\":\"https:\/\/posesja-plazowa.pl\/de\/baufortschritt\/#breadcrumb\"},\"inLanguage\":\"de-DE\",\"potentialAction\":[{\"@type\":\"ReadAction\",\"target\":[\"https:\/\/posesja-plazowa.pl\/de\/baufortschritt\/\"]}]},{\"@type\":\"BreadcrumbList\",\"@id\":\"https:\/\/posesja-plazowa.pl\/de\/baufortschritt\/#breadcrumb\",\"itemListElement\":[{\"@type\":\"ListItem\",\"position\":1,\"name\":\"Strona g\u0142\u00f3wna\",\"item\":\"https:\/\/posesja-plazowa.pl\/de\/\"},{\"@type\":\"ListItem\",\"position\":2,\"name\":\"Baufortschritt\"}]},{\"@type\":\"WebSite\",\"@id\":\"https:\/\/posesja-plazowa.pl\/#website\",\"url\":\"https:\/\/posesja-plazowa.pl\/\",\"name\":\"Posesja Pla\u017cowa\",\"description\":\"Apartamenty na Sprzeda\u017c Grzybowo. 250 m od Morza. Basen zewn\u0119trzny. SPA.\",\"potentialAction\":[{\"@type\":\"SearchAction\",\"target\":{\"@type\":\"EntryPoint\",\"urlTemplate\":\"https:\/\/posesja-plazowa.pl\/?s={search_term_string}\"},\"query-input\":{\"@type\":\"PropertyValueSpecification\",\"valueRequired\":true,\"valueName\":\"search_term_string\"}}],\"inLanguage\":\"de-DE\"}]}<\/script>\n<!-- \/ Yoast SEO plugin. -->","yoast_head_json":{"title":"Baufortschritt - Posesja Pla\u017cowa","description":"Post\u0119p budowy - Posesja Pla\u017cowa Grzybowa. Apartametny na sprzeda\u017c Grzybowo \/ Ko\u0142obrzeg. Wyko\u0144czone apartamenty, strefa spa i sauny.","robots":{"index":"index","follow":"follow","max-snippet":"max-snippet:-1","max-image-preview":"max-image-preview:large","max-video-preview":"max-video-preview:-1"},"canonical":"https:\/\/posesja-plazowa.pl\/de\/baufortschritt\/","og_locale":"de_DE","og_type":"article","og_title":"Baufortschritt - Posesja Pla\u017cowa","og_description":"Post\u0119p budowy - Posesja Pla\u017cowa Grzybowa. Apartametny na sprzeda\u017c Grzybowo \/ Ko\u0142obrzeg. Wyko\u0144czone apartamenty, strefa spa i sauny.","og_url":"https:\/\/posesja-plazowa.pl\/de\/baufortschritt\/","og_site_name":"Posesja Pla\u017cowa","article_modified_time":"2025-12-30T11:15:50+00:00","twitter_card":"summary_large_image","schema":{"@context":"https:\/\/schema.org","@graph":[{"@type":"WebPage","@id":"https:\/\/posesja-plazowa.pl\/de\/baufortschritt\/","url":"https:\/\/posesja-plazowa.pl\/de\/baufortschritt\/","name":"Baufortschritt - Posesja Pla\u017cowa","isPartOf":{"@id":"https:\/\/posesja-plazowa.pl\/#website"},"datePublished":"2023-02-23T14:59:00+00:00","dateModified":"2025-12-30T11:15:50+00:00","description":"Post\u0119p budowy - Posesja Pla\u017cowa Grzybowa. Apartametny na sprzeda\u017c Grzybowo \/ Ko\u0142obrzeg. Wyko\u0144czone apartamenty, strefa spa i sauny.","breadcrumb":{"@id":"https:\/\/posesja-plazowa.pl\/de\/baufortschritt\/#breadcrumb"},"inLanguage":"de-DE","potentialAction":[{"@type":"ReadAction","target":["https:\/\/posesja-plazowa.pl\/de\/baufortschritt\/"]}]},{"@type":"BreadcrumbList","@id":"https:\/\/posesja-plazowa.pl\/de\/baufortschritt\/#breadcrumb","itemListElement":[{"@type":"ListItem","position":1,"name":"Strona g\u0142\u00f3wna","item":"https:\/\/posesja-plazowa.pl\/de\/"},{"@type":"ListItem","position":2,"name":"Baufortschritt"}]},{"@type":"WebSite","@id":"https:\/\/posesja-plazowa.pl\/#website","url":"https:\/\/posesja-plazowa.pl\/","name":"Posesja Pla\u017cowa","description":"Apartamenty na Sprzeda\u017c Grzybowo. 250 m od Morza. Basen zewn\u0119trzny. SPA.","potentialAction":[{"@type":"SearchAction","target":{"@type":"EntryPoint","urlTemplate":"https:\/\/posesja-plazowa.pl\/?s={search_term_string}"},"query-input":{"@type":"PropertyValueSpecification","valueRequired":true,"valueName":"search_term_string"}}],"inLanguage":"de-DE"}]}},"_links":{"self":[{"href":"https:\/\/posesja-plazowa.pl\/de\/wp-json\/wp\/v2\/pages\/8321","targetHints":{"allow":["GET"]}}],"collection":[{"href":"https:\/\/posesja-plazowa.pl\/de\/wp-json\/wp\/v2\/pages"}],"about":[{"href":"https:\/\/posesja-plazowa.pl\/de\/wp-json\/wp\/v2\/types\/page"}],"author":[{"embeddable":true,"href":"https:\/\/posesja-plazowa.pl\/de\/wp-json\/wp\/v2\/users\/1"}],"replies":[{"embeddable":true,"href":"https:\/\/posesja-plazowa.pl\/de\/wp-json\/wp\/v2\/comments?post=8321"}],"version-history":[{"count":1,"href":"https:\/\/posesja-plazowa.pl\/de\/wp-json\/wp\/v2\/pages\/8321\/revisions"}],"predecessor-version":[{"id":8322,"href":"https:\/\/posesja-plazowa.pl\/de\/wp-json\/wp\/v2\/pages\/8321\/revisions\/8322"}],"wp:attachment":[{"href":"https:\/\/posesja-plazowa.pl\/de\/wp-json\/wp\/v2\/media?parent=8321"}],"curies":[{"name":"wp","href":"https:\/\/api.w.org\/{rel}","templated":true}]}}